{"id":159,"date":"2019-05-11T07:13:59","date_gmt":"2019-05-11T05:13:59","guid":{"rendered":"http:\/\/www.ramrom.org\/nolose\/blog\/?page_id=159"},"modified":"2019-05-11T11:57:55","modified_gmt":"2019-05-11T09:57:55","slug":"kesse-entre-la-llegenda-i-la-realitat-2","status":"publish","type":"page","link":"http:\/\/www.ramrom.org\/nolose\/blog\/kesse-entre-la-llegenda-i-la-realitat-2\/","title":{"rendered":"Kesse&#8230; entre la llegenda i la realitat"},"content":{"rendered":"\t\t<div data-elementor-type=\"wp-post\" data-elementor-id=\"159\" class=\"elementor elementor-159\">\n\t\t\t\t\t\t<div class=\"elementor-inner\">\n\t\t\t\t<div class=\"elementor-section-wrap\">\n\t\t\t\t\t\t\t\t\t<section class=\"elementor-section elementor-top-section elementor-element elementor-element-84dc774 elementor-section-boxed elementor-section-height-default elementor-section-height-default\" data-id=\"84dc774\" data-element_type=\"section\">\n\t\t\t\t\t\t<div class=\"elementor-container elementor-column-gap-default\">\n\t\t\t\t\t\t\t<div class=\"elementor-row\">\n\t\t\t\t\t<div class=\"elementor-column elementor-col-100 elementor-top-column elementor-element elementor-element-74584d3\" data-id=\"74584d3\" data-element_type=\"column\">\n\t\t\t<div class=\"elementor-column-wrap elementor-element-populated\">\n\t\t\t\t\t\t\t<div class=\"elementor-widget-wrap\">\n\t\t\t\t\t\t<div class=\"elementor-element elementor-element-781c931 elementor-button-info elementor-align-right elementor-widget elementor-widget-button\" data-id=\"781c931\" data-element_type=\"widget\" data-widget_type=\"button.default\">\n\t\t\t\t<div class=\"elementor-widget-container\">\n\t\t\t\t\t<div class=\"elementor-button-wrapper\">\n\t\t\t<a href=\"http:\/\/www.ramrom.org\/nolose\/blog\/historia-3\/#kesse\" class=\"elementor-button-link elementor-button elementor-size-xs\" role=\"button\">\n\t\t\t\t\t\t<span class=\"elementor-button-content-wrapper\">\n\t\t\t\t\t\t\t<span class=\"elementor-button-icon elementor-align-icon-left\">\n\t\t\t\t\t\t\t\t\t<i class=\"fa fa-arrow-circle-left\" aria-hidden=\"true\"><\/i>\n\t\t\t\t\t\t\t<\/span>\n\t\t\t\t\t\t<span class=\"elementor-button-text\">Volver<\/span>\n\t\t<\/span>\n\t\t\t\t\t<\/a>\n\t\t<\/div>\n\t\t\t\t<\/div>\n\t\t\t\t<\/div>\n\t\t\t\t\t\t<\/div>\n\t\t\t\t\t<\/div>\n\t\t<\/div>\n\t\t\t\t\t\t\t\t<\/div>\n\t\t\t\t\t<\/div>\n\t\t<\/section>\n\t\t\t\t<section class=\"elementor-section elementor-top-section elementor-element elementor-element-484b4cf0 elementor-section-boxed elementor-section-height-default elementor-section-height-default\" data-id=\"484b4cf0\" data-element_type=\"section\">\n\t\t\t\t\t\t<div class=\"elementor-container elementor-column-gap-default\">\n\t\t\t\t\t\t\t<div class=\"elementor-row\">\n\t\t\t\t\t<div class=\"elementor-column elementor-col-100 elementor-top-column elementor-element elementor-element-1bc802f3\" data-id=\"1bc802f3\" data-element_type=\"column\">\n\t\t\t<div class=\"elementor-column-wrap elementor-element-populated\">\n\t\t\t\t\t\t\t<div class=\"elementor-widget-wrap\">\n\t\t\t\t\t\t<div class=\"elementor-element elementor-element-326a18c4 elementor-widget elementor-widget-text-editor\" data-id=\"326a18c4\" data-element_type=\"widget\" data-settings=\"{&quot;_animation&quot;:&quot;none&quot;}\" data-widget_type=\"text-editor.default\">\n\t\t\t\t<div class=\"elementor-widget-container\">\n\t\t\t\t\t\t\t\t<div class=\"elementor-text-editor elementor-clearfix\">\n\t\t\t\t<p><!-- wp:image {\"id\":13,\"width\":150,\"height\":150} --><\/p>\r\n<p><!-- \/wp:image -->\r\n\r\n<!-- wp:paragraph --><\/p>\r\n<p><img loading=\"lazy\" class=\"alignnone size-medium wp-image-13\" src=\"http:\/\/www.ramrom.org\/nolose\/blog\/wp-content\/uploads\/2019\/05\/portada-kesse-300x300.jpg\" alt=\"\" width=\"300\" height=\"300\" \/><\/p>\r\n<p>Grabado en los Estudios NO LO S\u00c9! Tarragona<\/p>\r\n<p><!-- \/wp:paragraph -->\r\n\r\n<!-- wp:heading {\"level\":4} --><\/p>\r\n<h4>Cr\u00e9ditos<\/h4>\r\n<p><!-- \/wp:heading -->\r\n\r\n<!-- wp:paragraph --><\/p>\r\n<p>Ram\u00f3n: Voz,Bajo,Synte y Voces <br \/>Miguel Alberto: Guitarras, Efectos, Stick <br \/>Fernando: Bater\u00eda y Percusi\u00f3n <br \/><br \/>Editado por Hyades Arts, Madrid <br \/>Producido por No lo s\u00e9! <br \/><br \/>Tecnico de Grab.: Angel del Alamo <br \/>Systesis: Angel Santiago <br \/>Art CD: Mario Serra &amp; Cruz <br \/>Label CD: J.L. Aleman <br \/>Fotograf\u00eda: Pepe Cera<\/p>\r\n<p><!-- \/wp:paragraph -->\r\n\r\n<!-- wp:heading {\"level\":4} --><\/p>\r\n<h4>Temas<\/h4>\r\n<p><!-- \/wp:heading -->\r\n\r\n<!-- wp:paragraph --><\/p>\r\n<p>1.\u00bbTick\u00bb 03:22<br \/>2.Gran i blau 03:26<br \/>3.L&#8217;arribada \/ Stones 03:47<br \/>4.La fundaci\u00f3 03:53<br \/>5.La mort de la primavera 01:46<br \/>6.Tarteose \/ La llarga espera \/ Aqui es el meu bon cami 10:47<br \/>7.Cal\u00b7lipolis 02:50<br \/>8.El bosc de la Marquesa 06:15<br \/>9.A.48 03:04<br \/>10.Reprise 01:34<br \/>11.Kesse\u2026 el present 02:47<br \/>12.Lating song 04:11<br \/>13.Per sempre Kesse 01:47<\/p>\r\n<p><!-- \/wp:paragraph --><\/p>\t\t\t\t\t<\/div>\n\t\t\t\t\t\t<\/div>\n\t\t\t\t<\/div>\n\t\t\t\t\t\t<\/div>\n\t\t\t\t\t<\/div>\n\t\t<\/div>\n\t\t\t\t\t\t\t\t<\/div>\n\t\t\t\t\t<\/div>\n\t\t<\/section>\n\t\t\t\t\t\t\t\t\t<\/div>\n\t\t\t<\/div>\n\t\t\t\t\t<\/div>\n\t\t","protected":false},"excerpt":{"rendered":"<p>Volver Grabado en los Estudios NO LO S\u00c9! Tarragona Cr\u00e9ditos Ram\u00f3n: Voz,Bajo,Synte y Voces Miguel Alberto: Guitarras, Efectos, Stick Fernando: Bater\u00eda y Percusi\u00f3n Editado por Hyades Arts,&hellip; <span class=\"read-more\"><a class=\"more-link\" href=\"http:\/\/www.ramrom.org\/nolose\/blog\/kesse-entre-la-llegenda-i-la-realitat-2\/\" rel=\"bookmark\">Leer m\u00e1s <span class=\"screen-reader-text\">\u00abKesse&#8230; entre la llegenda i la realitat\u00bb<\/span><\/a><\/span><\/p>\n","protected":false},"author":1,"featured_media":0,"parent":0,"menu_order":0,"comment_status":"closed","ping_status":"closed","template":"page-templates\/template-full-width.php","meta":[],"_links":{"self":[{"href":"http:\/\/www.ramrom.org\/nolose\/blog\/wp-json\/wp\/v2\/pages\/159"}],"collection":[{"href":"http:\/\/www.ramrom.org\/nolose\/blog\/wp-json\/wp\/v2\/pages"}],"about":[{"href":"http:\/\/www.ramrom.org\/nolose\/blog\/wp-json\/wp\/v2\/types\/page"}],"author":[{"embeddable":true,"href":"http:\/\/www.ramrom.org\/nolose\/blog\/wp-json\/wp\/v2\/users\/1"}],"replies":[{"embeddable":true,"href":"http:\/\/www.ramrom.org\/nolose\/blog\/wp-json\/wp\/v2\/comments?post=159"}],"version-history":[{"count":8,"href":"http:\/\/www.ramrom.org\/nolose\/blog\/wp-json\/wp\/v2\/pages\/159\/revisions"}],"predecessor-version":[{"id":283,"href":"http:\/\/www.ramrom.org\/nolose\/blog\/wp-json\/wp\/v2\/pages\/159\/revisions\/283"}],"wp:attachment":[{"href":"http:\/\/www.ramrom.org\/nolose\/blog\/wp-json\/wp\/v2\/media?parent=159"}],"curies":[{"name":"wp","href":"https:\/\/api.w.org\/{rel}","templated":true}]}}