{"id":165,"date":"2019-05-11T07:18:07","date_gmt":"2019-05-11T05:18:07","guid":{"rendered":"http:\/\/www.ramrom.org\/nolose\/blog\/?page_id=165"},"modified":"2019-05-11T12:09:19","modified_gmt":"2019-05-11T10:09:19","slug":"canciones-desde-un-mundo-en-franca-retirada-2","status":"publish","type":"page","link":"http:\/\/www.ramrom.org\/nolose\/blog\/canciones-desde-un-mundo-en-franca-retirada-2\/","title":{"rendered":"Canciones desde un mundo en franca retirada"},"content":{"rendered":"\t\t<div data-elementor-type=\"wp-post\" data-elementor-id=\"165\" class=\"elementor elementor-165\">\n\t\t\t\t\t\t<div class=\"elementor-inner\">\n\t\t\t\t<div class=\"elementor-section-wrap\">\n\t\t\t\t\t\t\t\t\t<section class=\"elementor-section elementor-top-section elementor-element elementor-element-c475b95 elementor-section-boxed elementor-section-height-default elementor-section-height-default\" data-id=\"c475b95\" data-element_type=\"section\">\n\t\t\t\t\t\t<div class=\"elementor-container elementor-column-gap-default\">\n\t\t\t\t\t\t\t<div class=\"elementor-row\">\n\t\t\t\t\t<div class=\"elementor-column elementor-col-100 elementor-top-column elementor-element elementor-element-660bde2\" data-id=\"660bde2\" data-element_type=\"column\">\n\t\t\t<div class=\"elementor-column-wrap elementor-element-populated\">\n\t\t\t\t\t\t\t<div class=\"elementor-widget-wrap\">\n\t\t\t\t\t\t<div class=\"elementor-element elementor-element-b4dd91b elementor-button-info elementor-align-right elementor-widget elementor-widget-button\" data-id=\"b4dd91b\" data-element_type=\"widget\" data-widget_type=\"button.default\">\n\t\t\t\t<div class=\"elementor-widget-container\">\n\t\t\t\t\t<div class=\"elementor-button-wrapper\">\n\t\t\t<a href=\"http:\/\/www.ramrom.org\/nolose\/blog\/historia-3\/#canciones\" class=\"elementor-button-link elementor-button elementor-size-xs\" role=\"button\">\n\t\t\t\t\t\t<span class=\"elementor-button-content-wrapper\">\n\t\t\t\t\t\t\t<span class=\"elementor-button-icon elementor-align-icon-left\">\n\t\t\t\t\t\t\t\t\t<i class=\"fa fa-arrow-circle-left\" aria-hidden=\"true\"><\/i>\n\t\t\t\t\t\t\t<\/span>\n\t\t\t\t\t\t<span class=\"elementor-button-text\">Volver<\/span>\n\t\t<\/span>\n\t\t\t\t\t<\/a>\n\t\t<\/div>\n\t\t\t\t<\/div>\n\t\t\t\t<\/div>\n\t\t\t\t\t\t<\/div>\n\t\t\t\t\t<\/div>\n\t\t<\/div>\n\t\t\t\t\t\t\t\t<\/div>\n\t\t\t\t\t<\/div>\n\t\t<\/section>\n\t\t\t\t<section class=\"elementor-section elementor-top-section elementor-element elementor-element-747e4fbe elementor-section-boxed elementor-section-height-default elementor-section-height-default\" data-id=\"747e4fbe\" data-element_type=\"section\">\n\t\t\t\t\t\t<div class=\"elementor-container elementor-column-gap-default\">\n\t\t\t\t\t\t\t<div class=\"elementor-row\">\n\t\t\t\t\t<div class=\"elementor-column elementor-col-100 elementor-top-column elementor-element elementor-element-26d0802d\" data-id=\"26d0802d\" data-element_type=\"column\">\n\t\t\t<div class=\"elementor-column-wrap elementor-element-populated\">\n\t\t\t\t\t\t\t<div class=\"elementor-widget-wrap\">\n\t\t\t\t\t\t<div class=\"elementor-element elementor-element-ac4c812 elementor-widget elementor-widget-text-editor\" data-id=\"ac4c812\" data-element_type=\"widget\" data-settings=\"{&quot;_animation&quot;:&quot;none&quot;}\" data-widget_type=\"text-editor.default\">\n\t\t\t\t<div class=\"elementor-widget-container\">\n\t\t\t\t\t\t\t\t<div class=\"elementor-text-editor elementor-clearfix\">\n\t\t\t\t<p><!-- wp:image {\"id\":17,\"width\":150,\"height\":150} --><\/p>\n<p><!-- \/wp:image -->\n\n<!-- wp:paragraph --><\/p>\n<p><img loading=\"lazy\" class=\"alignnone size-medium wp-image-17\" src=\"http:\/\/www.ramrom.org\/nolose\/blog\/wp-content\/uploads\/2019\/05\/portada-canciones-1-300x300.jpg\" alt=\"\" width=\"300\" height=\"300\" \/><\/p>\n<p>Grabado en: Estudios NO LO S\u00c9! Tarragona<\/p>\n<p><!-- \/wp:paragraph -->\n\n<!-- wp:heading {\"level\":4} --><\/p>\n<h4>Cr\u00e9ditos<\/h4>\n<p><!-- \/wp:heading -->\n\n<!-- wp:paragraph --><\/p>\n<p>Ram\u00f3n: Voz,Bajo,Synte y Voces <br \/>Miguel Alberto: Guitarras, Efectos, GR-1 <br \/>Fernando: Bater\u00eda y Percusi\u00f3n y Cintas <br \/><br \/>Angel Santiago: Teclados y Syntesis <br \/>Susana Caparacena: Voz en \u00abTierra de nadie\u00bb y Cello en \u00abApagar tu dolor\u00bb <br \/>Raul Cruz: Solo de Guitarra en \u00abUn cerrojo\u00bb <br \/>Sergio Santiago: Bajo en \u00abUn cerrojo\u00bb <br \/><br \/>Editado por PICAP, Sabadell <br \/>Producido por No lo s\u00e9! <br \/>Dise\u00f1o CD: Romeu &amp; No lo s\u00e9! <br \/>Fotos: Jaume Blay <br \/>Foto CD: Fernando Juli\u00e1n<\/p>\n<p><!-- \/wp:paragraph -->\n\n<!-- wp:heading {\"level\":4} --><\/p>\n<h4>Temas<\/h4>\n<p><!-- \/wp:heading -->\n\n<!-- wp:paragraph --><\/p>\n<p>1.Parte rosa, parte gris 02:59<br \/>2.Tierra de nadie 03:14<br \/>3.La misma Luna 03:37<br \/>4.Entre 4 paredes 03:05<br \/>5.La ceremonia de la confusi\u00f3n 02:37<br \/>6.Vortex part1 03:13<br \/>7.El \u00faltimo \u00e1rbol 03:29<br \/>8.Juegos de ni\u00f1o 02:41<br \/>9.2 esferas 04:38<br \/>10.Come Together 04:03<br \/>11.Alanna 03:12<br \/>12.La gran interrogaci\u00f3n 03:42<br \/>13.Un cerrojo por donde asomar 03:59<br \/>14.10 a\u00f1os 01:43<br \/>15.Apagar tu dolor 03:41<br \/>16.M&amp;C Blues 01:26<\/p>\n<p><!-- \/wp:paragraph --><\/p>\t\t\t\t\t<\/div>\n\t\t\t\t\t\t<\/div>\n\t\t\t\t<\/div>\n\t\t\t\t\t\t<\/div>\n\t\t\t\t\t<\/div>\n\t\t<\/div>\n\t\t\t\t\t\t\t\t<\/div>\n\t\t\t\t\t<\/div>\n\t\t<\/section>\n\t\t\t\t\t\t\t\t\t<\/div>\n\t\t\t<\/div>\n\t\t\t\t\t<\/div>\n\t\t","protected":false},"excerpt":{"rendered":"<p>Volver Grabado en: Estudios NO LO S\u00c9! Tarragona Cr\u00e9ditos Ram\u00f3n: Voz,Bajo,Synte y Voces Miguel Alberto: Guitarras, Efectos, GR-1 Fernando: Bater\u00eda y Percusi\u00f3n y Cintas Angel Santiago: Teclados&hellip; <span class=\"read-more\"><a class=\"more-link\" href=\"http:\/\/www.ramrom.org\/nolose\/blog\/canciones-desde-un-mundo-en-franca-retirada-2\/\" rel=\"bookmark\">Leer m\u00e1s <span class=\"screen-reader-text\">\u00abCanciones desde un mundo en franca retirada\u00bb<\/span><\/a><\/span><\/p>\n","protected":false},"author":1,"featured_media":0,"parent":0,"menu_order":0,"comment_status":"closed","ping_status":"closed","template":"page-templates\/template-full-width.php","meta":[],"_links":{"self":[{"href":"http:\/\/www.ramrom.org\/nolose\/blog\/wp-json\/wp\/v2\/pages\/165"}],"collection":[{"href":"http:\/\/www.ramrom.org\/nolose\/blog\/wp-json\/wp\/v2\/pages"}],"about":[{"href":"http:\/\/www.ramrom.org\/nolose\/blog\/wp-json\/wp\/v2\/types\/page"}],"author":[{"embeddable":true,"href":"http:\/\/www.ramrom.org\/nolose\/blog\/wp-json\/wp\/v2\/users\/1"}],"replies":[{"embeddable":true,"href":"http:\/\/www.ramrom.org\/nolose\/blog\/wp-json\/wp\/v2\/comments?post=165"}],"version-history":[{"count":7,"href":"http:\/\/www.ramrom.org\/nolose\/blog\/wp-json\/wp\/v2\/pages\/165\/revisions"}],"predecessor-version":[{"id":286,"href":"http:\/\/www.ramrom.org\/nolose\/blog\/wp-json\/wp\/v2\/pages\/165\/revisions\/286"}],"wp:attachment":[{"href":"http:\/\/www.ramrom.org\/nolose\/blog\/wp-json\/wp\/v2\/media?parent=165"}],"curies":[{"name":"wp","href":"https:\/\/api.w.org\/{rel}","templated":true}]}}