{"id":92,"date":"2019-05-08T00:14:17","date_gmt":"2019-05-07T22:14:17","guid":{"rendered":"http:\/\/www.ramrom.org\/nolose\/blog\/?page_id=92"},"modified":"2019-06-22T18:08:37","modified_gmt":"2019-06-22T16:08:37","slug":"curiosidades","status":"publish","type":"page","link":"https:\/\/www.ramrom.org\/nolose\/blog\/curiosidades\/","title":{"rendered":"Curiosidades"},"content":{"rendered":"<blockquote>\n<p>El nombre de RPM (germen de No lo s\u00e9!) nada tiene que ver con Revoluciones Por Minuto, aunque alguna vez lo utilizamos. Realmente son las inicilaes de los nombres de los tres miembros de la formaci\u00f3n inicial de la banda, Ram\u00f3n Romeu, Pablo Suarez y Miguel Alberto Cruz<\/p>\n<\/blockquote>\n<blockquote>\n<p>En nuestra aparici\u00f3n el TVE, en el programa 3X4, a pesar de que la presentadora se gir\u00f3 mirando hacia el escenario dirigiendose a nosotros para presentarnos&#8230; nunca vimos a Isabel Gemio. Milagros de la tele.<\/p>\n<\/blockquote>\n<blockquote>\n<p>No lo s\u00e9! estubo nominado a grupo revelaci\u00f3n del a\u00f1o en el Iberpop 1998 en Logro\u00f1o. En el fin de fiesta en el escenario, Ram\u00f3n le gan\u00f3 la carrera por atrapar el micro a Manolo Garcia (El \u00faltimo de la fila), que acab\u00f3 tocando la bater\u00eda junto a Jorge (Ilegales) a la guitarra, entre otros. As\u00ed fue como un desconocido descarado acab\u00f3 cantando en aquella jam improvisada.<\/p>\n<\/blockquote>\n<blockquote>\n<p>\u00abKesse&#8230; entre la llegenda i la realitat\u00bb fue nominado a mejor disco catal\u00e1n del a\u00f1o 1993 por Radio4, sin estar ni siquiera a la venta.<\/p>\n<\/blockquote>\n<blockquote>\n<p>La letra de la canci\u00f3n \u00abMilagros de amor\u00bb 1989 y que di\u00f3 nombre al segundo LP de la banda, fue escrita por Fernando Juli\u00e1n que en 1993 parar\u00eda a ser el bater\u00eda definitivo de No lo s\u00e9!<\/p>\n<\/blockquote>\n<blockquote>\n<p>A\u00f1o 1990, teloneros de \u00abLa Guardia\u00bb en Riuclar, Tarragona. La relaci\u00f3n con Phalin (Bater\u00eda), estaba muy deteriorada. Preparamos el concierto con Kike Colmenar, pero en el \u00faltimo momento Phalin dijo que quer\u00eda tocar o la liaba. Kike cobr\u00f3 aquella actuacci\u00f3n, Phalin toc\u00f3 y adem\u00e1s francamente bien. No cruzamos una sola mirada con \u00e9l en todo el concierto. Fue su \u00faltimo concierto con No lo s\u00e9!<\/p>\n<\/blockquote>\n<blockquote>\n<p>En la promoci\u00f3n del segundo disco \u00abMilagros de amor\u00bb en Radio 3, comentamos a Jose Miguel Lopez (Director de Disc\u00f3polis) que no hab\u00edamos podido incluir una versi\u00f3n de \u00abRevolution\u00bb de The Beatles al no llegar a tiempo la autorizaci\u00f3n, pero llevavamos la maqueta con el tema.<br \/>\nSe empe\u00f1\u00f3 en ponerla en antena y al poco de sonar, nuestra discogr\u00e1fica llam\u00f3 a la emisora para que pusiera el Single y no aquella versi\u00f3n. Jose Miguel le dijo que en su programa \u00e9l decid\u00eda lo que sonaba. Genio y figura. A\u00fan nos estamos descojonando.<\/p>\n<\/blockquote>\n<blockquote>\n<p>EMI estuvo dudando entre \u00abfichar\u00bb a No lo s\u00e9! o Tam Tam Go! Finalmente apost\u00f3 por los segundos que curiosamente grabar\u00f3n su primer LP \u00abSpanish Shuffle\u00bb (1988). en Estudios Cuarzo (Madrid), el mismo donde grabaron los No lo s\u00e9!<br \/>\nPor cierto, los dos nombres de los grupos acaban en \u00ab!\u00bb<\/p>\n<\/blockquote>\n<blockquote>\n<p>La ruptura con FP Records. Tras la publicaci\u00f3n del segundo trabajo de No lo s\u00e9!, quedaba la grabaci\u00f3n y publicaci\u00f3n de un trecer LP seg\u00fan contrato. Miguel y Ram\u00f3n decidieron zafarse de esa obligaci\u00f3n contractual insinuando grabar un disco de ruidos insoportables sin sentido ya que en el contrato no especificaba el tipo de m\u00fasica a grabar. As\u00ed fue como finaliz\u00f3 el contarato de mutuo acuerdo.<\/p>\n<\/blockquote>\n<blockquote>\n<p>En el concierto del a\u00f1o 1988 en Vallmoll, teloneando a los Ilegales, nos montaron un escenario adyacente para nosotros solos, el \u00fanico probema es que hab\u00eda un \u00e1rbol en mitad del escenario. Siempre tuvimos fama de ecol\u00f3gicos, pero eso igual fue demasiado. El tecnico de sonido Santi Sard\u00e1 (si, el hermano) nos sonoriz\u00f3 por auriculares porqu\u00e9 los ilegales no terminaban su prueba de sonido y se nos echaba el tiempo encima. Cuando acabaron ellos y el t\u00e9cnico sac\u00f3 el sonido por fuera, el propio Jorge (Ilegal) nos felicit\u00f3. Sin duda un gran trabajo de Santi, aunque nuestro sonido en directo en aquella epoca era de nivel, modestia a parte. Aquel d\u00eda creo que Jorge lleg\u00f3 a ofrecer a Miguel una de sus guitarras (con lo que Jorge es), pero Miguel le dijo que \u00e9l tocaba con sus guitrras (as\u00ed es Miguel). La noche acab\u00f3 con un trio entre los Ilegales, los No lo s\u00e9! y una considerable cantidad de alcohol que hace que en mi mente est\u00e9 todo un tanto borroso. Eramos j\u00f3venes.<\/p>\n<p>&nbsp;<\/p>\n<\/blockquote>\n","protected":false},"excerpt":{"rendered":"<p>El nombre de RPM (germen de No lo s\u00e9!) nada tiene que ver con Revoluciones Por Minuto, aunque alguna vez lo utilizamos. Realmente son las inicilaes de&hellip; <span class=\"read-more\"><a class=\"more-link\" href=\"https:\/\/www.ramrom.org\/nolose\/blog\/curiosidades\/\" rel=\"bookmark\">Leer m\u00e1s <span class=\"screen-reader-text\">\u00abCuriosidades\u00bb<\/span><\/a><\/span><\/p>\n","protected":false},"author":1,"featured_media":0,"parent":0,"menu_order":0,"comment_status":"closed","ping_status":"closed","template":"page-templates\/template-full-width.php","meta":[],"_links":{"self":[{"href":"https:\/\/www.ramrom.org\/nolose\/blog\/wp-json\/wp\/v2\/pages\/92"}],"collection":[{"href":"https:\/\/www.ramrom.org\/nolose\/blog\/wp-json\/wp\/v2\/pages"}],"about":[{"href":"https:\/\/www.ramrom.org\/nolose\/blog\/wp-json\/wp\/v2\/types\/page"}],"author":[{"embeddable":true,"href":"https:\/\/www.ramrom.org\/nolose\/blog\/wp-json\/wp\/v2\/users\/1"}],"replies":[{"embeddable":true,"href":"https:\/\/www.ramrom.org\/nolose\/blog\/wp-json\/wp\/v2\/comments?post=92"}],"version-history":[{"count":16,"href":"https:\/\/www.ramrom.org\/nolose\/blog\/wp-json\/wp\/v2\/pages\/92\/revisions"}],"predecessor-version":[{"id":1107,"href":"https:\/\/www.ramrom.org\/nolose\/blog\/wp-json\/wp\/v2\/pages\/92\/revisions\/1107"}],"wp:attachment":[{"href":"https:\/\/www.ramrom.org\/nolose\/blog\/wp-json\/wp\/v2\/media?parent=92"}],"curies":[{"name":"wp","href":"https:\/\/api.w.org\/{rel}","templated":true}]}}