{"id":2983,"date":"2021-08-24T18:08:21","date_gmt":"2021-08-24T18:08:21","guid":{"rendered":"https:\/\/www.ramrom.org\/radiovora\/?page_id=2983"},"modified":"2021-10-13T17:56:19","modified_gmt":"2021-10-13T17:56:19","slug":"reproductor-radiovora","status":"publish","type":"page","link":"https:\/\/www.ramrom.org\/radiovora\/reproductor-radiovora\/","title":{"rendered":"Reproductor RadioVora"},"content":{"rendered":"<div id=\"KnM9nf\">\n<h3 id=\"tw-target-text\" class=\"tw-data-text tw-text-large XcVN5d tw-ta\" dir=\"ltr\" style=\"text-align: center;\" data-placeholder=\"Traducci\u00f3n\"><span class=\"Y2IQFc\" lang=\"ca\">Reprodueix aleat\u00f2riament els <strong><span class=\"mm-code\"><span class=\"sbs-count-posts\">33,990<\/span><\/span><\/strong> v\u00eddeos de Radiovora. D\u00f3na-li al play i gaudeix. <\/span><\/h3>\n<pre class=\"tw-data-text tw-text-large XcVN5d tw-ta\" dir=\"ltr\" style=\"text-align: center;\" data-placeholder=\"Traducci\u00f3n\"><em><span class=\"Y2IQFc\" lang=\"ca\">* Vigila el consum de dades sense wifi.<\/span><\/em><\/pre>\n<\/div>\n\n<style type=\"text\/css\">\r\n       .errordiv { padding:10px; margin:10px; border: 1px solid #555555;color: #000000;background-color: #f8f8f8; width:500px; }#advanced_iframe {visibility:visible;opacity:1;vertical-align:top;}.ai-info-bottom-iframe { position: fixed; z-index: 10000; bottom:0; left: 0; margin: 0px; text-align: center; width: 100%; background-color: #ff9999; padding-left: 5px;padding-bottom: 5px; border-top: 1px solid #aaa } a.ai-bold {font-weight: bold;}#ai-layer-div-advanced_iframe p {height:100%;margin:0;padding:0}<\/style><script type=\"text\/javascript\">var ai_iframe_width_advanced_iframe = 0;var ai_iframe_height_advanced_iframe = 0;var aiIsIe8=false;var aiOnloadScrollTop=\"true\";var aiShowDebug=false;\r\n\t\tif (typeof aiReadyCallbacks === 'undefined') {\r\n\t\t\tvar aiReadyCallbacks = [];  \r\n\t\t} else if (!(aiReadyCallbacks instanceof Array)) {\r\n\t\t\tvar aiReadyCallbacks = [];\r\n\t\t}    function aiShowIframeId(id_iframe) { jQuery(\"#\"+id_iframe).css(\"visibility\", \"visible\");    }    function aiResizeIframeHeight(height) { aiResizeIframeHeight(height,advanced_iframe); }    function aiResizeIframeHeightId(height,width,id) {aiResizeIframeHeightById(id,height);}<\/script><iframe id=\"advanced_iframe\"  name=\"advanced_iframe\"  src=\"https:\/\/ramrom.org\/rep8.php\"  width=\"100%\"  height=\"600\"  frameborder=\"0\"  allowtransparency=\"true\"  loading=\"lazy\"  style=\";width:100%;height:600px;\" ><\/iframe><script type=\"text\/javascript\">var ifrm_advanced_iframe = document.getElementById(\"advanced_iframe\");var hiddenTabsDoneadvanced_iframe = false;\r\nfunction resizeCallbackadvanced_iframe() {}<\/script><script type=\"text\/javascript\"><\/script>\n","protected":false},"excerpt":{"rendered":"<p>Reprodueix aleat\u00f2riament els v\u00eddeos de Radiovora. D\u00f3na-li al play i gaudeix. * Vigila el consum de dades sense wifi.<\/p>\n","protected":false},"author":1,"featured_media":0,"parent":0,"menu_order":0,"comment_status":"closed","ping_status":"closed","template":"tpl-page-fullwidth.php","meta":{"footnotes":""},"class_list":["post-2983","page","type-page","status-publish","hentry"],"featured_image_urls":{"full":"","thumbnail":"","medium":"","medium_large":"","large":"","1536x1536":"","2048x2048":"","video-featured":"","video-lastest":"","video-category-featured":"","video-item-category-featured":"","most-video-2col":"","blog-large-thumb":""},"post_excerpt_stackable":"<p>Reprodueix aleat\u00f2riament els 33,990 v\u00eddeos de Radiovora. D\u00f3na-li al play i gaudeix. * Vigila el consum de dades sense wifi.<\/p>\n","category_list":"","author_info":{"name":"admin","url":"https:\/\/www.ramrom.org\/radiovora\/author\/admin\/"},"comments_num":"0 comentarios","featured_image_urls_v2":{"full":"","thumbnail":"","medium":"","medium_large":"","large":"","1536x1536":"","2048x2048":"","video-featured":"","video-lastest":"","video-category-featured":"","video-item-category-featured":"","most-video-2col":"","blog-large-thumb":""},"post_excerpt_stackable_v2":"<p>Reprodueix aleat\u00f2riament els 33,990 v\u00eddeos de Radiovora. D\u00f3na-li al play i gaudeix. * Vigila el consum de dades sense wifi.<\/p>\n","category_list_v2":"","author_info_v2":{"name":"admin","url":"https:\/\/www.ramrom.org\/radiovora\/author\/admin\/"},"comments_num_v2":"0 comentarios","acf":[],"_links":{"self":[{"href":"https:\/\/www.ramrom.org\/radiovora\/wp-json\/wp\/v2\/pages\/2983","targetHints":{"allow":["GET"]}}],"collection":[{"href":"https:\/\/www.ramrom.org\/radiovora\/wp-json\/wp\/v2\/pages"}],"about":[{"href":"https:\/\/www.ramrom.org\/radiovora\/wp-json\/wp\/v2\/types\/page"}],"author":[{"embeddable":true,"href":"https:\/\/www.ramrom.org\/radiovora\/wp-json\/wp\/v2\/users\/1"}],"replies":[{"embeddable":true,"href":"https:\/\/www.ramrom.org\/radiovora\/wp-json\/wp\/v2\/comments?post=2983"}],"version-history":[{"count":38,"href":"https:\/\/www.ramrom.org\/radiovora\/wp-json\/wp\/v2\/pages\/2983\/revisions"}],"predecessor-version":[{"id":6777,"href":"https:\/\/www.ramrom.org\/radiovora\/wp-json\/wp\/v2\/pages\/2983\/revisions\/6777"}],"wp:attachment":[{"href":"https:\/\/www.ramrom.org\/radiovora\/wp-json\/wp\/v2\/media?parent=2983"}],"curies":[{"name":"wp","href":"https:\/\/api.w.org\/{rel}","templated":true}]}}