{"id":970,"date":"2016-05-24T01:52:54","date_gmt":"2016-05-24T07:52:54","guid":{"rendered":"https:\/\/ramrom.org\/wp\/?page_id=970"},"modified":"2026-01-29T16:24:55","modified_gmt":"2026-01-29T15:24:55","slug":"post-grid","status":"publish","type":"page","link":"https:\/\/www.ramrom.org\/wp\/post-grid\/","title":{"rendered":"\u00daltimas noticias"},"content":{"rendered":"\n<p><br \/><style type='text\/css' media='all'>#rt-tpg-container-3167275105 .rt-holder .rt-woo-info .price{color:#1e73be;}body .rt-tpg-container .rt-tpg-isotope-buttons .selected,\n\t\t\t\t\t#rt-tpg-container-3167275105 .layout12 .rt-holder:hover .rt-detail,\n\t\t\t\t\t#rt-tpg-container-3167275105 .isotope8 .rt-holder:hover .rt-detail,\n\t\t\t\t\t#rt-tpg-container-3167275105 .carousel8 .rt-holder:hover .rt-detail,\n\t\t\t\t\t#rt-tpg-container-3167275105 .layout13 .rt-holder .overlay .post-info,\n\t\t\t\t\t#rt-tpg-container-3167275105 .isotope9 .rt-holder .overlay .post-info,\n\t\t\t\t\t#rt-tpg-container-3167275105.rt-tpg-container .layout4 .rt-holder .rt-detail,\n\t\t\t\t\t.rt-modal-3167275105 .md-content,\n\t\t\t\t\t.rt-modal-3167275105 .md-content > .rt-md-content-holder .rt-md-content,\n\t\t\t\t\t.rt-popup-wrap-3167275105.rt-popup-wrap .rt-popup-navigation-wrap,\n\t\t\t\t\t#rt-tpg-container-3167275105 .carousel9 .rt-holder .overlay .post-info{background-color:#1e73be;}#rt-tpg-container-3167275105 .layout5 .rt-holder .overlay, #rt-tpg-container-3167275105 .isotope2 .rt-holder .overlay, #rt-tpg-container-3167275105 .carousel2 .rt-holder .overlay,#rt-tpg-container-3167275105 .layout15 .rt-holder h3, #rt-tpg-container-3167275105 .isotope11 .rt-holder h3, #rt-tpg-container-3167275105 .carousel11 .rt-holder h3, #rt-tpg-container-3167275105 .layout16 .rt-holder h3,\n\t\t\t\t\t#rt-tpg-container-3167275105 .isotope12 .rt-holder h3, #rt-tpg-container-3167275105 .carousel12 .rt-holder h3 {background-color:rgba(30,115,190,0.8);}#rt-tpg-container-3167275105 .pagination-list li a,\n\t\t\t\t\trt-tpg-container-3167275105 .pagination-list li span,\n\t\t\t\t\trt-tpg-container-3167275105 .pagination li a,\n\t\t\t\t\t#rt-tpg-container-3167275105 .rt-tpg-isotope-buttons button,\n\t\t\t\t\t#rt-tpg-container-3167275105 .rt-tpg-utility .rt-tpg-load-more button,\n\t\t\t\t\t#rt-tpg-container-3167275105.rt-tpg-container .swiper-navigation .slider-btn,\n\t\t\t\t\t#rt-tpg-container-3167275105.rt-tpg-container .swiper-pagination-bullet,\n\t\t\t\t\t#rt-tpg-container-3167275105 .wc1 .rt-holder .rt-img-holder .overlay .product-more ul li a,\n\t\t\t\t\t#rt-tpg-container-3167275105 .wc2 .rt-detail .rt-wc-add-to-cart,\n\t\t\t\t\t#rt-tpg-container-3167275105 .wc3 .rt-detail .rt-wc-add-to-cart,\n\t\t\t\t\t#rt-tpg-container-3167275105 .wc4 .rt-detail .rt-wc-add-to-cart,\n\t\t\t\t\t#rt-tpg-container-3167275105 .wc-carousel2 .rt-detail .rt-wc-add-to-cart,\n\t\t\t\t\t#rt-tpg-container-3167275105 .wc-isotope2 .rt-detail .rt-wc-add-to-cart,\n\t\t\t\t\t#rt-tpg-container-3167275105 .rt-layout-filter-container .rt-filter-wrap .rt-filter-item-wrap.rt-filter-dropdown-wrap .rt-filter-dropdown,\n\t\t\t\t\t#rt-tpg-container-3167275105 .rt-layout-filter-container .rt-filter-sub-tax.sub-button-group .rt-filter-button-item,\n\t\t\t\t\t#rt-tpg-container-3167275105.rt-tpg-container .rt-pagination-wrap .rt-page-numbers .paginationjs .paginationjs-pages ul li>a,\n\t\t\t\t\t#rt-tpg-container-3167275105 .rt-filter-item-wrap.rt-filter-button-wrap span.rt-filter-button-item,\n\t\t\t\t\t#rt-tpg-container-3167275105.rt-tpg-container .rt-pagination-wrap  .rt-loadmore-btn,\n\t\t\t\t\t#rt-tpg-container-3167275105.rt-tpg-container .rt-pagination-wrap .rt-cb-page-prev-next > *,\n\t\t\t\t\t#rt-tpg-container-3167275105 .rt-read-more,\n\t\t\t\t\t#rt-tooltip-3167275105, #rt-tooltip-3167275105 .rt-tooltip-bottom:after{background-color:#e0e0e0;}#rt-tpg-container-3167275105 .rt-filter-item-wrap.rt-filter-button-wrap span.rt-filter-button-item,\n\t\t\t\t\t#rt-tpg-container-3167275105 .rt-layout-filter-container .rt-filter-sub-tax.sub-button-group .rt-filter-button-item{border-color:#e0e0e0;}#rt-tpg-container-3167275105.rt-tpg-container .layout17 .rt-holder .overlay a.tpg-zoom .fa{color:#e0e0e0;}#rt-tpg-container-3167275105 .rt-holder .read-more a {background-color:#e0e0e0;padding: 8px 15px;}#rt-tpg-container-3167275105 .read-more a{border-radius:25px;}#rt-tpg-container-3167275105 .rt-img-holder img.rt-img-responsive,#rt-tpg-container-3167275105 .rt-img-holder,\n\t\t\t\t\t#rt-tpg-container-3167275105 .rt-post-overlay .post-img,\n\t\t\t\t\t#rt-tpg-container-3167275105 .post-sm .post-img,\n\t\t\t\t\t#rt-tpg-container-3167275105 .rt-post-grid .post-img,\n\t\t\t\t\t#rt-tpg-container-3167275105 .post-img img {border-radius:px;}<\/style><div class='rt-container-fluid rt-tpg-container tpg-shortcode-main-wrapper ' id='rt-tpg-container-3167275105'   data-layout='layout1' data-grid-style='even' data-desktop-col='3'  data-tab-col='2'  data-mobile-col='1' data-sc-id='2721'><div data-title='Cargando...' class='rt-row rt-content-loader   layout1 tpg-even '><div class=\"rt-col-md-4 rt-col-sm-6 rt-col-xs-12 even-grid-item rt-grid-item\" data-id=\"4881\"><div class=\"rt-holder\"><div class=\"rt-img-holder\"><a data-id=\"4881\" class=\"\" href=\"https:\/\/www.ramrom.org\/wp\/2025\/10\/14\/apocaliptico\/\"><img fetchpriority=\"high\" decoding=\"async\" class=\"rt-img-responsive \" src=\"https:\/\/www.ramrom.org\/wp\/wp-content\/uploads\/2025\/11\/Apocaliptico-Portada-simple-559x559.jpeg\" width=\"559\" height=\"559\" alt=\"Apocal\u00edptico\" \/><\/a><\/div><div class='rt-detail'><h4 class=\"entry-title\"><a data-id=\"4881\" class=\"\" href=\"https:\/\/www.ramrom.org\/wp\/2025\/10\/14\/apocaliptico\/\">Apocal\u00edptico<\/a><\/h4><div class='post-meta-user  '><span class='date'><i class='far fa-calendar-alt '><\/i>14 octubre, 2025<\/span><\/div><div class='tpg-excerpt'>01 &#8211; De mayor &#8211; Cuando a\u00fan hay esperanza.02 &#8211; Corre y vuela &#8211; No pierdas el tiempo, igual no queda mucho.03 &#8211;....<\/div><div class='post-meta '><span class='read-more'><a data-id='4881' class='' href='https:\/\/www.ramrom.org\/wp\/2025\/10\/14\/apocaliptico\/'>Leer m\u00e1s<\/a><\/span><\/div><\/div><\/div><\/div><div class=\"rt-col-md-4 rt-col-sm-6 rt-col-xs-12 even-grid-item rt-grid-item\" data-id=\"4817\"><div class=\"rt-holder\"><div class=\"rt-img-holder\"><a data-id=\"4817\" class=\"\" href=\"https:\/\/www.ramrom.org\/wp\/2025\/06\/05\/reset\/\"><img decoding=\"async\" class=\"rt-img-responsive \" src=\"https:\/\/www.ramrom.org\/wp\/wp-content\/uploads\/2025\/06\/RESET-Portada-simple.jpeg\" width=\"1429\" height=\"1429\" alt=\"RESET\" \/><\/a><\/div><div class='rt-detail'><h4 class=\"entry-title\"><a data-id=\"4817\" class=\"\" href=\"https:\/\/www.ramrom.org\/wp\/2025\/06\/05\/reset\/\">RESET<\/a><\/h4><div class='post-meta-user  '><span class='date'><i class='far fa-calendar-alt '><\/i>5 junio, 2025<\/span><\/div><div class='tpg-excerpt'>Pensaba que no llegaba, pero s\u00ed. Celebrar\u00e9 mi cumplea\u00f1os con un nuevo \u00e1lbum. Aunque a\u00fan tardar\u00e1 unos d\u00edas en estar disponible en las....<\/div><div class='post-meta '><span class='read-more'><a data-id='4817' class='' href='https:\/\/www.ramrom.org\/wp\/2025\/06\/05\/reset\/'>Leer m\u00e1s<\/a><\/span><\/div><\/div><\/div><\/div><div class=\"rt-col-md-4 rt-col-sm-6 rt-col-xs-12 even-grid-item rt-grid-item\" data-id=\"4767\"><div class=\"rt-holder\"><div class=\"rt-img-holder\"><a data-id=\"4767\" class=\"\" href=\"https:\/\/www.ramrom.org\/wp\/2025\/02\/03\/menos-es-mas\/\"><img decoding=\"async\" class=\"rt-img-responsive \" src=\"https:\/\/www.ramrom.org\/wp\/wp-content\/uploads\/2025\/02\/menosesmas-portada.jpg\" width=\"1400\" height=\"1400\" alt=\"\u00bfMenos es m\u00e1s?\" \/><\/a><\/div><div class='rt-detail'><h4 class=\"entry-title\"><a data-id=\"4767\" class=\"\" href=\"https:\/\/www.ramrom.org\/wp\/2025\/02\/03\/menos-es-mas\/\">\u00bfMenos es m\u00e1s?<\/a><\/h4><div class='post-meta-user  '><span class='date'><i class='far fa-calendar-alt '><\/i>3 febrero, 2025<\/span><\/div><div class='tpg-excerpt'>\u00bfNo s\u00e9 si en m\u00fasica menos es m\u00e1s? En este \u00e1lbum, a veces hay m\u00e1s y a veces hay menos.Te toca a ti decidir que es mejor&hellip; Leer m\u00e1s....<\/div><div class='post-meta '><span class='read-more'><a data-id='4767' class='' href='https:\/\/www.ramrom.org\/wp\/2025\/02\/03\/menos-es-mas\/'>Leer m\u00e1s<\/a><\/span><\/div><\/div><\/div><\/div><div class=\"rt-col-md-4 rt-col-sm-6 rt-col-xs-12 even-grid-item rt-grid-item\" data-id=\"4222\"><div class=\"rt-holder\"><div class=\"rt-img-holder\"><a data-id=\"4222\" class=\"\" href=\"https:\/\/www.ramrom.org\/wp\/2024\/08\/31\/marionetas\/\"><img loading=\"lazy\" decoding=\"async\" class=\"rt-img-responsive \" src=\"https:\/\/www.ramrom.org\/wp\/wp-content\/uploads\/2024\/08\/Marionetas-Portada-1400-559x559.jpg\" width=\"559\" height=\"559\" alt=\"Marionetas\" \/><\/a><\/div><div class='rt-detail'><h4 class=\"entry-title\"><a data-id=\"4222\" class=\"\" href=\"https:\/\/www.ramrom.org\/wp\/2024\/08\/31\/marionetas\/\">Marionetas<\/a><\/h4><div class='post-meta-user  '><span class='date'><i class='far fa-calendar-alt '><\/i>31 agosto, 2024<\/span><\/div><div class='tpg-excerpt'>Un \u00e1lbum donde recupero viejos sonidos de sintetizadores.Con muchos arreglos de cuerdas, vientos, etc.Diez nuevos temas que se mueven entre....<\/div><div class='post-meta '><span class='read-more'><a data-id='4222' class='' href='https:\/\/www.ramrom.org\/wp\/2024\/08\/31\/marionetas\/'>Leer m\u00e1s<\/a><\/span><\/div><\/div><\/div><\/div><div class=\"rt-col-md-4 rt-col-sm-6 rt-col-xs-12 even-grid-item rt-grid-item\" data-id=\"3771\"><div class=\"rt-holder\"><div class=\"rt-img-holder\"><a data-id=\"3771\" class=\"\" href=\"https:\/\/www.ramrom.org\/wp\/2024\/04\/17\/100-anos\/\"><img loading=\"lazy\" decoding=\"async\" class=\"rt-img-responsive \" src=\"https:\/\/www.ramrom.org\/wp\/wp-content\/uploads\/2024\/04\/portada-100-an\u0303os-559x559.jpeg\" width=\"559\" height=\"559\" alt=\"100 a\u00f1os\" \/><\/a><\/div><div class='rt-detail'><h4 class=\"entry-title\"><a data-id=\"3771\" class=\"\" href=\"https:\/\/www.ramrom.org\/wp\/2024\/04\/17\/100-anos\/\">100 a\u00f1os<\/a><\/h4><div class='post-meta-user  '><span class='date'><i class='far fa-calendar-alt '><\/i>17 abril, 2024<\/span><\/div><div class='tpg-excerpt'>Quien no tiene espera, desespera. Ese soy yo, con un nuevo \u00e1lbum en las manos. Quer\u00eda esperar, pero me pregunto a qu\u00e9? Los d\u00edas pasan cada....<\/div><div class='post-meta '><span class='read-more'><a data-id='3771' class='' href='https:\/\/www.ramrom.org\/wp\/2024\/04\/17\/100-anos\/'>Leer m\u00e1s<\/a><\/span><\/div><\/div><\/div><\/div><div class=\"rt-col-md-4 rt-col-sm-6 rt-col-xs-12 even-grid-item rt-grid-item\" data-id=\"3658\"><div class=\"rt-holder\"><div class=\"rt-img-holder\"><a data-id=\"3658\" class=\"\" href=\"https:\/\/www.ramrom.org\/wp\/2023\/12\/06\/cosas-que-pasan\/\"><img loading=\"lazy\" decoding=\"async\" class=\"rt-img-responsive \" src=\"https:\/\/www.ramrom.org\/wp\/wp-content\/uploads\/2023\/12\/portada-559x559.png\" width=\"559\" height=\"559\" alt=\"Cosas que pasan\" \/><\/a><\/div><div class='rt-detail'><h4 class=\"entry-title\"><a data-id=\"3658\" class=\"\" href=\"https:\/\/www.ramrom.org\/wp\/2023\/12\/06\/cosas-que-pasan\/\">Cosas que pasan<\/a><\/h4><div class='post-meta-user  '><span class='date'><i class='far fa-calendar-alt '><\/i>6 diciembre, 2023<\/span><\/div><div class='tpg-excerpt'>La vida es aquello que te va sucediendo mientras te empe\u00f1as en hacer otros planes. John Lennon....<\/div><div class='post-meta '><span class='read-more'><a data-id='3658' class='' href='https:\/\/www.ramrom.org\/wp\/2023\/12\/06\/cosas-que-pasan\/'>Leer m\u00e1s<\/a><\/span><\/div><\/div><\/div><\/div><div class=\"rt-col-md-4 rt-col-sm-6 rt-col-xs-12 even-grid-item rt-grid-item\" data-id=\"3284\"><div class=\"rt-holder\"><div class=\"rt-img-holder\"><a data-id=\"3284\" class=\"\" href=\"https:\/\/www.ramrom.org\/wp\/2023\/04\/20\/cielo-y-mar\/\"><img loading=\"lazy\" decoding=\"async\" class=\"rt-img-responsive \" src=\"https:\/\/www.ramrom.org\/wp\/wp-content\/uploads\/2023\/04\/portada-Cielo-y-mar-559x559.jpeg\" width=\"559\" height=\"559\" alt=\"Cielo y mar\" \/><\/a><\/div><div class='rt-detail'><h4 class=\"entry-title\"><a data-id=\"3284\" class=\"\" href=\"https:\/\/www.ramrom.org\/wp\/2023\/04\/20\/cielo-y-mar\/\">Cielo y mar<\/a><\/h4><div class='post-meta-user  '><span class='date'><i class='far fa-calendar-alt '><\/i>20 abril, 2023<\/span><\/div><div class='tpg-excerpt'>Un \u00e1lbum muy especial para m\u00ed, porque nace de una invitaci\u00f3n. \u201cT\u00fa haz canciones, que yo pondr\u00e9 las guitarras\u201d.A mi querido amigo Quim, no....<\/div><div class='post-meta '><span class='read-more'><a data-id='3284' class='' href='https:\/\/www.ramrom.org\/wp\/2023\/04\/20\/cielo-y-mar\/'>Leer m\u00e1s<\/a><\/span><\/div><\/div><\/div><\/div><div class=\"rt-col-md-4 rt-col-sm-6 rt-col-xs-12 even-grid-item rt-grid-item\" data-id=\"3162\"><div class=\"rt-holder\"><div class=\"rt-img-holder\"><a data-id=\"3162\" class=\"\" href=\"https:\/\/www.ramrom.org\/wp\/2022\/09\/04\/raro\/\"><img loading=\"lazy\" decoding=\"async\" class=\"rt-img-responsive \" src=\"https:\/\/www.ramrom.org\/wp\/wp-content\/uploads\/2022\/09\/portada-RARO-559x559.jpeg\" width=\"559\" height=\"559\" alt=\"RARO\" \/><\/a><\/div><div class='rt-detail'><h4 class=\"entry-title\"><a data-id=\"3162\" class=\"\" href=\"https:\/\/www.ramrom.org\/wp\/2022\/09\/04\/raro\/\">RARO<\/a><\/h4><div class='post-meta-user  '><span class='date'><i class='far fa-calendar-alt '><\/i>4 septiembre, 2022<\/span><\/div><div class='tpg-excerpt'>\u00c1lbum 33 en solitario de RamRom. Como poco, curioso. \u00a0....<\/div><div class='post-meta '><span class='read-more'><a data-id='3162' class='' href='https:\/\/www.ramrom.org\/wp\/2022\/09\/04\/raro\/'>Leer m\u00e1s<\/a><\/span><\/div><\/div><\/div><\/div><div class=\"rt-col-md-4 rt-col-sm-6 rt-col-xs-12 even-grid-item rt-grid-item\" data-id=\"3146\"><div class=\"rt-holder\"><div class=\"rt-img-holder\"><a data-id=\"3146\" class=\"\" href=\"https:\/\/www.ramrom.org\/wp\/2022\/06\/05\/tiempo-j\/\"><img loading=\"lazy\" decoding=\"async\" class=\"rt-img-responsive \" src=\"https:\/\/www.ramrom.org\/wp\/wp-content\/uploads\/2022\/06\/portada-tiempoJ-1400-559x559.jpg\" width=\"559\" height=\"559\" alt=\"Tiempo J\" \/><\/a><\/div><div class='rt-detail'><h4 class=\"entry-title\"><a data-id=\"3146\" class=\"\" href=\"https:\/\/www.ramrom.org\/wp\/2022\/06\/05\/tiempo-j\/\">Tiempo J<\/a><\/h4><div class='post-meta-user  '><span class='date'><i class='far fa-calendar-alt '><\/i>5 junio, 2022<\/span><\/div><div class='tpg-excerpt'>\u00c1lbum 32 en solitario de RamRom. Se cierra una etapa y se empieza otra....<\/div><div class='post-meta '><span class='read-more'><a data-id='3146' class='' href='https:\/\/www.ramrom.org\/wp\/2022\/06\/05\/tiempo-j\/'>Leer m\u00e1s<\/a><\/span><\/div><\/div><\/div><\/div><div class=\"rt-col-md-4 rt-col-sm-6 rt-col-xs-12 even-grid-item rt-grid-item\" data-id=\"3109\"><div class=\"rt-holder\"><div class=\"rt-img-holder\"><a data-id=\"3109\" class=\"\" href=\"https:\/\/www.ramrom.org\/wp\/2021\/08\/07\/puede-haber-un-despues\/\"><img loading=\"lazy\" decoding=\"async\" class=\"rt-img-responsive \" src=\"https:\/\/www.ramrom.org\/wp\/wp-content\/uploads\/2021\/08\/Portada-1400.png\" width=\"1400\" height=\"1400\" alt=\"Puede haber un despu\u00e9s\" \/><\/a><\/div><div class='rt-detail'><h4 class=\"entry-title\"><a data-id=\"3109\" class=\"\" href=\"https:\/\/www.ramrom.org\/wp\/2021\/08\/07\/puede-haber-un-despues\/\">Puede haber un despu\u00e9s<\/a><\/h4><div class='post-meta-user  '><span class='date'><i class='far fa-calendar-alt '><\/i>7 agosto, 2021<\/span><\/div><div class='tpg-excerpt'>La pregunta no es \u00bfQu\u00e9 hacemos aqu\u00ed?Ni siquiera \u00bfpara qu\u00e9?Tampoco \u00bfQu\u00e9 sentido tiene la vida? La pregunta es \u00bfPuede haber un despu\u00e9s?Esa es....<\/div><div class='post-meta '><span class='read-more'><a data-id='3109' class='' href='https:\/\/www.ramrom.org\/wp\/2021\/08\/07\/puede-haber-un-despues\/'>Leer m\u00e1s<\/a><\/span><\/div><\/div><\/div><\/div><div class=\"rt-col-md-4 rt-col-sm-6 rt-col-xs-12 even-grid-item rt-grid-item\" data-id=\"3094\"><div class=\"rt-holder\"><div class=\"rt-img-holder\"><a data-id=\"3094\" class=\"\" href=\"https:\/\/www.ramrom.org\/wp\/2021\/06\/05\/3030\/\"><img loading=\"lazy\" decoding=\"async\" class=\"rt-img-responsive \" src=\"https:\/\/www.ramrom.org\/wp\/wp-content\/uploads\/2021\/05\/portada30.jpg\" width=\"700\" height=\"700\" alt=\"30+30\" \/><\/a><\/div><div class='rt-detail'><h4 class=\"entry-title\"><a data-id=\"3094\" class=\"\" href=\"https:\/\/www.ramrom.org\/wp\/2021\/06\/05\/3030\/\">30+30<\/a><\/h4><div class='post-meta-user  '><span class='date'><i class='far fa-calendar-alt '><\/i>5 junio, 2021<\/span><\/div><div class='tpg-excerpt'>Como anunci\u00e9, ya est\u00e1n mis dos nuevos trabajos en las plataformas digitales a vuestra disposici\u00f3n.\u201cVaya vida &#8211; 30 aniversario\u201d de mi....<\/div><div class='post-meta '><span class='read-more'><a data-id='3094' class='' href='https:\/\/www.ramrom.org\/wp\/2021\/06\/05\/3030\/'>Leer m\u00e1s<\/a><\/span><\/div><\/div><\/div><\/div><div class=\"rt-col-md-4 rt-col-sm-6 rt-col-xs-12 even-grid-item rt-grid-item\" data-id=\"3044\"><div class=\"rt-holder\"><div class=\"rt-img-holder\"><a data-id=\"3044\" class=\"\" href=\"https:\/\/www.ramrom.org\/wp\/2021\/05\/12\/vaya-vida-30-aniversario-reserva\/\"><img loading=\"lazy\" decoding=\"async\" class=\"rt-img-responsive \" src=\"https:\/\/www.ramrom.org\/wp\/wp-content\/uploads\/2021\/05\/Portada-Vaya-Vida-30a.png\" width=\"1648\" height=\"1476\" alt=\"Vaya Vida &#8211; 30 aniversario (Reserva)\" \/><\/a><\/div><div class='rt-detail'><h4 class=\"entry-title\"><a data-id=\"3044\" class=\"\" href=\"https:\/\/www.ramrom.org\/wp\/2021\/05\/12\/vaya-vida-30-aniversario-reserva\/\">Vaya Vida &#8211; 30 aniversario (Reserva)<\/a><\/h4><div class='post-meta-user  '><span class='date'><i class='far fa-calendar-alt '><\/i>12 mayo, 2021<\/span><\/div><div class='tpg-excerpt'>Ya pod\u00e9is reservar en este enlace, el CD f\u00edsico \u201cVaya Vida &#8211; 30 aniversario\u201d que se publicar\u00e1 el 5 de junio. Gracias!!!....<\/div><div class='post-meta '><span class='read-more'><a data-id='3044' class='' href='https:\/\/www.ramrom.org\/wp\/2021\/05\/12\/vaya-vida-30-aniversario-reserva\/'>Leer m\u00e1s<\/a><\/span><\/div><\/div><\/div><\/div><\/div><div class='rt-pagination-wrap' data-total-pages='12' data-posts-per-page='12' data-type='pagination'  ><div class=\"rt-pagination\" ><ul class=\"pagination-list\"><li class=\"active\"><span>1<\/span><\/li><li><a data-paged='2' href='https:\/\/www.ramrom.org\/wp\/wp-json\/wp\/v2\/pages\/970\/page\/2\/'>2<\/a><\/li><li><a data-paged='3' href='https:\/\/www.ramrom.org\/wp\/wp-json\/wp\/v2\/pages\/970\/page\/3\/'>3<\/a><\/li><li><a data-paged='4' href='https:\/\/www.ramrom.org\/wp\/wp-json\/wp\/v2\/pages\/970\/page\/4\/'>4<\/a><\/li><li><a data-paged='5' href='https:\/\/www.ramrom.org\/wp\/wp-json\/wp\/v2\/pages\/970\/page\/5\/'>5<\/a><\/li><li><a data-paged='2' href=\"https:\/\/www.ramrom.org\/wp\/wp-json\/wp\/v2\/pages\/970\/page\/2\/\"  aria-label='Next'>&rsaquo;<\/a><\/li><li><a data-paged='12' href='https:\/\/www.ramrom.org\/wp\/wp-json\/wp\/v2\/pages\/970\/page\/12\/' aria-label='Last'>&raquo;<\/a><\/li><\/ul><\/div><\/div><\/div>\n\n\n","protected":false},"excerpt":{"rendered":"","protected":false},"author":1,"featured_media":0,"parent":0,"menu_order":0,"comment_status":"closed","ping_status":"closed","template":"","meta":{"footnotes":""},"class_list":["post-970","page","type-page","status-publish","hentry"],"rttpg_featured_image_url":null,"rttpg_author":{"display_name":"ramrom","author_link":"https:\/\/www.ramrom.org\/wp\/author\/ramrom\/"},"rttpg_comment":0,"rttpg_category":"","rttpg_excerpt":null,"_links":{"self":[{"href":"https:\/\/www.ramrom.org\/wp\/wp-json\/wp\/v2\/pages\/970","targetHints":{"allow":["GET"]}}],"collection":[{"href":"https:\/\/www.ramrom.org\/wp\/wp-json\/wp\/v2\/pages"}],"about":[{"href":"https:\/\/www.ramrom.org\/wp\/wp-json\/wp\/v2\/types\/page"}],"author":[{"embeddable":true,"href":"https:\/\/www.ramrom.org\/wp\/wp-json\/wp\/v2\/users\/1"}],"replies":[{"embeddable":true,"href":"https:\/\/www.ramrom.org\/wp\/wp-json\/wp\/v2\/comments?post=970"}],"version-history":[{"count":29,"href":"https:\/\/www.ramrom.org\/wp\/wp-json\/wp\/v2\/pages\/970\/revisions"}],"predecessor-version":[{"id":5459,"href":"https:\/\/www.ramrom.org\/wp\/wp-json\/wp\/v2\/pages\/970\/revisions\/5459"}],"wp:attachment":[{"href":"https:\/\/www.ramrom.org\/wp\/wp-json\/wp\/v2\/media?parent=970"}],"curies":[{"name":"wp","href":"https:\/\/api.w.org\/{rel}","templated":true}]}}