{"id":2470,"date":"2005-10-12T10:07:20","date_gmt":"2005-10-12T09:07:20","guid":{"rendered":"http:\/\/ramrom.org\/wp\/?post_type=product&#038;p=2470"},"modified":"2026-02-01T18:37:20","modified_gmt":"2026-02-01T17:37:20","slug":"crepusculo-2005","status":"publish","type":"product","link":"https:\/\/www.ramrom.org\/wp\/producto\/crepusculo-2005\/","title":{"rendered":"Crep\u00fasculo (2005)"},"content":{"rendered":"","protected":false},"excerpt":{"rendered":"<p>Crep\u00fasculo (junio de 2005), tal vez la m\u00e1s c\u00e1lida de mis creaciones. Grabado en mi nuevo y peque\u00f1o estudio casero, directamente a ordenador por pistas, sobre bases r\u00ed\u00adtmicas, poniendo el bajo, las guitarras, teclados, las voces y alg\u00fan que otro sampler.<br \/>\nUna forma de cantar m\u00e1s pausada, junto a las letras escritas hace algunos a\u00f1os por mi sobrino, en esa \u00e9poca de enamoramientos que a todos nos da por ser poetas. Algunos de mis textos, que estaban hu\u00e9rfanos de m\u00fasica, m\u00e1s el maravilloso poema de Pablo Neruda \u00abHemos perdido aun este crep\u00fasculo\u00bb de su obra \u00ab20 poemas de amor y una canci\u00f3n desesperada\u00bb, conforman esta obra dispar, como siempre, sin un estilo definido y concebida por el solo placer de hacerla.<\/p>\n","protected":false},"featured_media":5413,"comment_status":"open","ping_status":"closed","template":"","meta":[],"product_brand":[],"product_cat":[78],"product_tag":[80],"class_list":{"0":"post-2470","1":"product","2":"type-product","3":"status-publish","4":"has-post-thumbnail","6":"product_cat-cd","7":"product_tag-ramrom","9":"first","10":"instock","11":"shipping-taxable","12":"purchasable","13":"product-type-simple"},"_links":{"self":[{"href":"https:\/\/www.ramrom.org\/wp\/wp-json\/wp\/v2\/product\/2470","targetHints":{"allow":["GET"]}}],"collection":[{"href":"https:\/\/www.ramrom.org\/wp\/wp-json\/wp\/v2\/product"}],"about":[{"href":"https:\/\/www.ramrom.org\/wp\/wp-json\/wp\/v2\/types\/product"}],"replies":[{"embeddable":true,"href":"https:\/\/www.ramrom.org\/wp\/wp-json\/wp\/v2\/comments?post=2470"}],"wp:featuredmedia":[{"embeddable":true,"href":"https:\/\/www.ramrom.org\/wp\/wp-json\/wp\/v2\/media\/5413"}],"wp:attachment":[{"href":"https:\/\/www.ramrom.org\/wp\/wp-json\/wp\/v2\/media?parent=2470"}],"wp:term":[{"taxonomy":"product_brand","embeddable":true,"href":"https:\/\/www.ramrom.org\/wp\/wp-json\/wp\/v2\/product_brand?post=2470"},{"taxonomy":"product_cat","embeddable":true,"href":"https:\/\/www.ramrom.org\/wp\/wp-json\/wp\/v2\/product_cat?post=2470"},{"taxonomy":"product_tag","embeddable":true,"href":"https:\/\/www.ramrom.org\/wp\/wp-json\/wp\/v2\/product_tag?post=2470"}],"curies":[{"name":"wp","href":"https:\/\/api.w.org\/{rel}","templated":true}]}}