{"id":2479,"date":"2011-10-12T10:26:03","date_gmt":"2011-10-12T09:26:03","guid":{"rendered":"http:\/\/ramrom.org\/wp\/?post_type=product&#038;p=2479"},"modified":"2026-02-01T13:15:21","modified_gmt":"2026-02-01T12:15:21","slug":"no-tan-simple-2011","status":"publish","type":"product","link":"https:\/\/www.ramrom.org\/wp\/producto\/no-tan-simple-2011\/","title":{"rendered":"No tan simple (2011)"},"content":{"rendered":"","protected":false},"excerpt":{"rendered":"<p>16 meses despu\u00e9s de \u00abSimple\u00bb llega \u00abNo tan simple\u00bb.<br \/>\n12 de aquellos 14 temas a los que he a\u00f1adido guitarras y alg\u00fan que otro teclado sobre las pistas originales de bater\u00eda, bajo y voz.<br \/>\n\u00abNo tan Simple\u00bb, no es exactamente un nuevo disco, pero si otra forma de escucharlo.<\/p>\n","protected":false},"featured_media":5375,"comment_status":"open","ping_status":"closed","template":"","meta":[],"product_brand":[],"product_cat":[78],"product_tag":[80],"class_list":{"0":"post-2479","1":"product","2":"type-product","3":"status-publish","4":"has-post-thumbnail","6":"product_cat-cd","7":"product_tag-ramrom","9":"first","10":"instock","11":"shipping-taxable","12":"purchasable","13":"product-type-simple"},"_links":{"self":[{"href":"https:\/\/www.ramrom.org\/wp\/wp-json\/wp\/v2\/product\/2479","targetHints":{"allow":["GET"]}}],"collection":[{"href":"https:\/\/www.ramrom.org\/wp\/wp-json\/wp\/v2\/product"}],"about":[{"href":"https:\/\/www.ramrom.org\/wp\/wp-json\/wp\/v2\/types\/product"}],"replies":[{"embeddable":true,"href":"https:\/\/www.ramrom.org\/wp\/wp-json\/wp\/v2\/comments?post=2479"}],"wp:featuredmedia":[{"embeddable":true,"href":"https:\/\/www.ramrom.org\/wp\/wp-json\/wp\/v2\/media\/5375"}],"wp:attachment":[{"href":"https:\/\/www.ramrom.org\/wp\/wp-json\/wp\/v2\/media?parent=2479"}],"wp:term":[{"taxonomy":"product_brand","embeddable":true,"href":"https:\/\/www.ramrom.org\/wp\/wp-json\/wp\/v2\/product_brand?post=2479"},{"taxonomy":"product_cat","embeddable":true,"href":"https:\/\/www.ramrom.org\/wp\/wp-json\/wp\/v2\/product_cat?post=2479"},{"taxonomy":"product_tag","embeddable":true,"href":"https:\/\/www.ramrom.org\/wp\/wp-json\/wp\/v2\/product_tag?post=2479"}],"curies":[{"name":"wp","href":"https:\/\/api.w.org\/{rel}","templated":true}]}}